{"id":83,"date":"2022-06-20T17:51:51","date_gmt":"2022-06-20T15:51:51","guid":{"rendered":"https:\/\/vsgaubitsch.ac.at\/?page_id=83"},"modified":"2025-09-21T13:43:22","modified_gmt":"2025-09-21T11:43:22","slug":"nachmittagsbetreuung","status":"publish","type":"page","link":"https:\/\/vsgaubitsch.ac.at\/?page_id=83","title":{"rendered":"Nachmittagsbetreuung"},"content":{"rendered":"\n<p><\/p>\n\n\n\n<p>Auch heuer k\u00f6nnen wir eine schulische Nachmittagsbetreuung anbieten.<br>Die Kinder werden mit einem warmen Mittagessen vom Gasthaus Wiesmann aus Waltersdorf versorgt.<\/p>\n\n\n\n<p><br>Die Lernstunde wird von den Lehrerinnen \u00fcbernommen.<br>Danach gibt es viel Spiel, Spa\u00df und Bewegung mit unseren Nachmittagsbetreuerinnen Lea und Kimberly &#8230;<br><br>&#8230; bei Sch\u00f6nwetter in unserem gro\u00dfen Schulgarten oder <br>im Turnsaal und den R\u00e4umen der Nachmittagsbetreuung im Dachgescho\u00df der Volksschule.<br><\/p>\n\n\n\n<p><\/p>\n","protected":false},"excerpt":{"rendered":"<p>Auch heuer k\u00f6nnen wir eine schulische Nachmittagsbetreuung anbieten.Die Kinder werden mit einem warmen Mittagessen vom Gasthaus Wiesmann aus Waltersdorf versorgt. Die Lernstunde wird von den Lehrerinnen \u00fcbernommen.Danach gibt es viel Spiel, Spa\u00df und Bewegung mit unseren Nachmittagsbetreuerinnen Lea und Kimberly &#8230; &#8230; bei Sch\u00f6nwetter in unserem gro\u00dfen Schulgarten oder im Turnsaal und den R\u00e4umen der&hellip; <a class=\"more-link\" href=\"https:\/\/vsgaubitsch.ac.at\/?page_id=83\"><span class=\"screen-reader-text\">Nachmittagsbetreuung<\/span> weiterlesen<\/a><\/p>\n","protected":false},"author":2,"featured_media":0,"parent":0,"menu_order":0,"comment_status":"closed","ping_status":"closed","template":"","meta":{"footnotes":""},"class_list":["post-83","page","type-page","status-publish","hentry","entry"],"_links":{"self":[{"href":"https:\/\/vsgaubitsch.ac.at\/index.php?rest_route=\/wp\/v2\/pages\/83","targetHints":{"allow":["GET"]}}],"collection":[{"href":"https:\/\/vsgaubitsch.ac.at\/index.php?rest_route=\/wp\/v2\/pages"}],"about":[{"href":"https:\/\/vsgaubitsch.ac.at\/index.php?rest_route=\/wp\/v2\/types\/page"}],"author":[{"embeddable":true,"href":"https:\/\/vsgaubitsch.ac.at\/index.php?rest_route=\/wp\/v2\/users\/2"}],"replies":[{"embeddable":true,"href":"https:\/\/vsgaubitsch.ac.at\/index.php?rest_route=%2Fwp%2Fv2%2Fcomments&post=83"}],"version-history":[{"count":3,"href":"https:\/\/vsgaubitsch.ac.at\/index.php?rest_route=\/wp\/v2\/pages\/83\/revisions"}],"predecessor-version":[{"id":1409,"href":"https:\/\/vsgaubitsch.ac.at\/index.php?rest_route=\/wp\/v2\/pages\/83\/revisions\/1409"}],"wp:attachment":[{"href":"https:\/\/vsgaubitsch.ac.at\/index.php?rest_route=%2Fwp%2Fv2%2Fmedia&parent=83"}],"curies":[{"name":"wp","href":"https:\/\/api.w.org\/{rel}","templated":true}]}}