{"id":86,"date":"2022-06-20T17:52:06","date_gmt":"2022-06-20T15:52:06","guid":{"rendered":"https:\/\/vsgaubitsch.ac.at\/?page_id=86"},"modified":"2025-10-07T14:53:17","modified_gmt":"2025-10-07T12:53:17","slug":"blaeserklasse","status":"publish","type":"page","link":"https:\/\/vsgaubitsch.ac.at\/?page_id=86","title":{"rendered":"Bl\u00e4serklasse"},"content":{"rendered":"\n<h2 class=\"wp-block-heading has-text-align-center has-secondary-color has-text-color has-small-font-size\">Die Kinder der 3. und 4. Schulstufe k\u00f6nnen heuer wieder ein Musikinstrument in unserer Bl\u00e4serklasse &#8211; die mit Unterst\u00fctzung der Lehrpersonen der Musikschule Staatz stattfinden kann &#8211; erlernen bzw. vertiefen.<\/h2>\n\n\n\n<figure class=\"wp-block-image size-large\"><img loading=\"lazy\" decoding=\"async\" width=\"1024\" height=\"460\" src=\"https:\/\/vsgaubitsch.ac.at\/wp-content\/uploads\/2025\/10\/WhatsApp-Image-2025-10-07-at-14.22.51-1-1024x460.jpg\" alt=\"\" class=\"wp-image-1439\" srcset=\"https:\/\/vsgaubitsch.ac.at\/wp-content\/uploads\/2025\/10\/WhatsApp-Image-2025-10-07-at-14.22.51-1-1024x460.jpg 1024w, https:\/\/vsgaubitsch.ac.at\/wp-content\/uploads\/2025\/10\/WhatsApp-Image-2025-10-07-at-14.22.51-1-300x135.jpg 300w, https:\/\/vsgaubitsch.ac.at\/wp-content\/uploads\/2025\/10\/WhatsApp-Image-2025-10-07-at-14.22.51-1-768x345.jpg 768w, https:\/\/vsgaubitsch.ac.at\/wp-content\/uploads\/2025\/10\/WhatsApp-Image-2025-10-07-at-14.22.51-1-1536x691.jpg 1536w, https:\/\/vsgaubitsch.ac.at\/wp-content\/uploads\/2025\/10\/WhatsApp-Image-2025-10-07-at-14.22.51-1-1568x705.jpg 1568w, https:\/\/vsgaubitsch.ac.at\/wp-content\/uploads\/2025\/10\/WhatsApp-Image-2025-10-07-at-14.22.51-1.jpg 1779w\" sizes=\"auto, (max-width: 1024px) 100vw, 1024px\" \/><\/figure>\n\n\n\n<figure class=\"wp-block-image size-large\"><img loading=\"lazy\" decoding=\"async\" width=\"1024\" height=\"462\" src=\"https:\/\/vsgaubitsch.ac.at\/wp-content\/uploads\/2025\/10\/WhatsApp-Image-2025-10-07-at-14.23.02-1-1024x462.jpg\" alt=\"\" class=\"wp-image-1441\" srcset=\"https:\/\/vsgaubitsch.ac.at\/wp-content\/uploads\/2025\/10\/WhatsApp-Image-2025-10-07-at-14.23.02-1-1024x462.jpg 1024w, https:\/\/vsgaubitsch.ac.at\/wp-content\/uploads\/2025\/10\/WhatsApp-Image-2025-10-07-at-14.23.02-1-300x135.jpg 300w, https:\/\/vsgaubitsch.ac.at\/wp-content\/uploads\/2025\/10\/WhatsApp-Image-2025-10-07-at-14.23.02-1-768x346.jpg 768w, https:\/\/vsgaubitsch.ac.at\/wp-content\/uploads\/2025\/10\/WhatsApp-Image-2025-10-07-at-14.23.02-1-1536x692.jpg 1536w, https:\/\/vsgaubitsch.ac.at\/wp-content\/uploads\/2025\/10\/WhatsApp-Image-2025-10-07-at-14.23.02-1-1568x707.jpg 1568w, https:\/\/vsgaubitsch.ac.at\/wp-content\/uploads\/2025\/10\/WhatsApp-Image-2025-10-07-at-14.23.02-1.jpg 1775w\" sizes=\"auto, (max-width: 1024px) 100vw, 1024px\" \/><\/figure>\n\n\n\n<figure class=\"wp-block-image size-large\"><img loading=\"lazy\" decoding=\"async\" width=\"1024\" height=\"462\" src=\"https:\/\/vsgaubitsch.ac.at\/wp-content\/uploads\/2025\/10\/WhatsApp-Image-2025-10-07-at-14.23.02-3-1024x462.jpg\" alt=\"\" class=\"wp-image-1442\" srcset=\"https:\/\/vsgaubitsch.ac.at\/wp-content\/uploads\/2025\/10\/WhatsApp-Image-2025-10-07-at-14.23.02-3-1024x462.jpg 1024w, https:\/\/vsgaubitsch.ac.at\/wp-content\/uploads\/2025\/10\/WhatsApp-Image-2025-10-07-at-14.23.02-3-300x135.jpg 300w, https:\/\/vsgaubitsch.ac.at\/wp-content\/uploads\/2025\/10\/WhatsApp-Image-2025-10-07-at-14.23.02-3-768x346.jpg 768w, https:\/\/vsgaubitsch.ac.at\/wp-content\/uploads\/2025\/10\/WhatsApp-Image-2025-10-07-at-14.23.02-3-1536x692.jpg 1536w, https:\/\/vsgaubitsch.ac.at\/wp-content\/uploads\/2025\/10\/WhatsApp-Image-2025-10-07-at-14.23.02-3-1568x707.jpg 1568w, https:\/\/vsgaubitsch.ac.at\/wp-content\/uploads\/2025\/10\/WhatsApp-Image-2025-10-07-at-14.23.02-3.jpg 1775w\" sizes=\"auto, (max-width: 1024px) 100vw, 1024px\" \/><\/figure>\n\n\n\n<div class=\"wp-block-columns is-layout-flex wp-container-core-columns-is-layout-9d6595d7 wp-block-columns-is-layout-flex\">\n<div class=\"wp-block-column is-layout-flow wp-block-column-is-layout-flow\">\n<figure class=\"wp-block-image size-full\"><img loading=\"lazy\" decoding=\"async\" width=\"361\" height=\"800\" src=\"https:\/\/vsgaubitsch.ac.at\/wp-content\/uploads\/2025\/10\/WhatsApp-Image-2025-10-07-at-14.23.00.jpg\" alt=\"\" class=\"wp-image-1443\" srcset=\"https:\/\/vsgaubitsch.ac.at\/wp-content\/uploads\/2025\/10\/WhatsApp-Image-2025-10-07-at-14.23.00.jpg 361w, https:\/\/vsgaubitsch.ac.at\/wp-content\/uploads\/2025\/10\/WhatsApp-Image-2025-10-07-at-14.23.00-135x300.jpg 135w\" sizes=\"auto, (max-width: 361px) 100vw, 361px\" \/><\/figure>\n<\/div>\n\n\n\n<div class=\"wp-block-column is-layout-flow wp-block-column-is-layout-flow\">\n<figure class=\"wp-block-image size-full\"><img loading=\"lazy\" decoding=\"async\" width=\"361\" height=\"800\" src=\"https:\/\/vsgaubitsch.ac.at\/wp-content\/uploads\/2025\/10\/WhatsApp-Image-2025-10-07-at-14.23.01-3.jpg\" alt=\"\" class=\"wp-image-1444\" srcset=\"https:\/\/vsgaubitsch.ac.at\/wp-content\/uploads\/2025\/10\/WhatsApp-Image-2025-10-07-at-14.23.01-3.jpg 361w, https:\/\/vsgaubitsch.ac.at\/wp-content\/uploads\/2025\/10\/WhatsApp-Image-2025-10-07-at-14.23.01-3-135x300.jpg 135w\" sizes=\"auto, (max-width: 361px) 100vw, 361px\" \/><\/figure>\n<\/div>\n<\/div>\n\n\n\n<figure class=\"wp-block-image size-large\"><img loading=\"lazy\" decoding=\"async\" width=\"1024\" height=\"462\" src=\"https:\/\/vsgaubitsch.ac.at\/wp-content\/uploads\/2025\/10\/WhatsApp-Image-2025-10-07-at-14.23.01-1024x462.jpg\" alt=\"\" class=\"wp-image-1445\" srcset=\"https:\/\/vsgaubitsch.ac.at\/wp-content\/uploads\/2025\/10\/WhatsApp-Image-2025-10-07-at-14.23.01-1024x462.jpg 1024w, https:\/\/vsgaubitsch.ac.at\/wp-content\/uploads\/2025\/10\/WhatsApp-Image-2025-10-07-at-14.23.01-300x135.jpg 300w, https:\/\/vsgaubitsch.ac.at\/wp-content\/uploads\/2025\/10\/WhatsApp-Image-2025-10-07-at-14.23.01-768x346.jpg 768w, https:\/\/vsgaubitsch.ac.at\/wp-content\/uploads\/2025\/10\/WhatsApp-Image-2025-10-07-at-14.23.01-1536x692.jpg 1536w, https:\/\/vsgaubitsch.ac.at\/wp-content\/uploads\/2025\/10\/WhatsApp-Image-2025-10-07-at-14.23.01-1568x707.jpg 1568w, https:\/\/vsgaubitsch.ac.at\/wp-content\/uploads\/2025\/10\/WhatsApp-Image-2025-10-07-at-14.23.01.jpg 1775w\" sizes=\"auto, (max-width: 1024px) 100vw, 1024px\" \/><\/figure>\n\n\n\n<div class=\"wp-block-columns is-layout-flex wp-container-core-columns-is-layout-9d6595d7 wp-block-columns-is-layout-flex\">\n<div class=\"wp-block-column is-layout-flow wp-block-column-is-layout-flow\">\n<figure class=\"wp-block-image size-full\"><img loading=\"lazy\" decoding=\"async\" width=\"361\" height=\"800\" src=\"https:\/\/vsgaubitsch.ac.at\/wp-content\/uploads\/2025\/10\/WhatsApp-Image-2025-10-07-at-14.23.00-2.jpg\" alt=\"\" class=\"wp-image-1446\" srcset=\"https:\/\/vsgaubitsch.ac.at\/wp-content\/uploads\/2025\/10\/WhatsApp-Image-2025-10-07-at-14.23.00-2.jpg 361w, https:\/\/vsgaubitsch.ac.at\/wp-content\/uploads\/2025\/10\/WhatsApp-Image-2025-10-07-at-14.23.00-2-135x300.jpg 135w\" sizes=\"auto, (max-width: 361px) 100vw, 361px\" \/><\/figure>\n<\/div>\n\n\n\n<div class=\"wp-block-column is-layout-flow wp-block-column-is-layout-flow\">\n<figure class=\"wp-block-image size-full\"><img loading=\"lazy\" decoding=\"async\" width=\"361\" height=\"800\" src=\"https:\/\/vsgaubitsch.ac.at\/wp-content\/uploads\/2025\/10\/WhatsApp-Image-2025-10-07-at-14.22.59-1.jpg\" alt=\"\" class=\"wp-image-1447\" srcset=\"https:\/\/vsgaubitsch.ac.at\/wp-content\/uploads\/2025\/10\/WhatsApp-Image-2025-10-07-at-14.22.59-1.jpg 361w, https:\/\/vsgaubitsch.ac.at\/wp-content\/uploads\/2025\/10\/WhatsApp-Image-2025-10-07-at-14.22.59-1-135x300.jpg 135w\" sizes=\"auto, (max-width: 361px) 100vw, 361px\" \/><\/figure>\n<\/div>\n<\/div>\n\n\n\n<figure class=\"wp-block-image size-large\"><img loading=\"lazy\" decoding=\"async\" width=\"1024\" height=\"462\" src=\"https:\/\/vsgaubitsch.ac.at\/wp-content\/uploads\/2025\/10\/WhatsApp-Image-2025-10-07-at-14.22.58-1-1024x462.jpg\" alt=\"\" class=\"wp-image-1448\" srcset=\"https:\/\/vsgaubitsch.ac.at\/wp-content\/uploads\/2025\/10\/WhatsApp-Image-2025-10-07-at-14.22.58-1-1024x462.jpg 1024w, https:\/\/vsgaubitsch.ac.at\/wp-content\/uploads\/2025\/10\/WhatsApp-Image-2025-10-07-at-14.22.58-1-300x135.jpg 300w, https:\/\/vsgaubitsch.ac.at\/wp-content\/uploads\/2025\/10\/WhatsApp-Image-2025-10-07-at-14.22.58-1-768x346.jpg 768w, https:\/\/vsgaubitsch.ac.at\/wp-content\/uploads\/2025\/10\/WhatsApp-Image-2025-10-07-at-14.22.58-1-1536x692.jpg 1536w, https:\/\/vsgaubitsch.ac.at\/wp-content\/uploads\/2025\/10\/WhatsApp-Image-2025-10-07-at-14.22.58-1-1568x707.jpg 1568w, https:\/\/vsgaubitsch.ac.at\/wp-content\/uploads\/2025\/10\/WhatsApp-Image-2025-10-07-at-14.22.58-1.jpg 1775w\" sizes=\"auto, (max-width: 1024px) 100vw, 1024px\" \/><\/figure>\n\n\n\n<figure class=\"wp-block-image size-large\"><img loading=\"lazy\" decoding=\"async\" width=\"1024\" height=\"462\" src=\"https:\/\/vsgaubitsch.ac.at\/wp-content\/uploads\/2025\/10\/WhatsApp-Image-2025-10-07-at-14.22.57-1024x462.jpg\" alt=\"\" class=\"wp-image-1449\" srcset=\"https:\/\/vsgaubitsch.ac.at\/wp-content\/uploads\/2025\/10\/WhatsApp-Image-2025-10-07-at-14.22.57-1024x462.jpg 1024w, https:\/\/vsgaubitsch.ac.at\/wp-content\/uploads\/2025\/10\/WhatsApp-Image-2025-10-07-at-14.22.57-300x135.jpg 300w, https:\/\/vsgaubitsch.ac.at\/wp-content\/uploads\/2025\/10\/WhatsApp-Image-2025-10-07-at-14.22.57-768x346.jpg 768w, https:\/\/vsgaubitsch.ac.at\/wp-content\/uploads\/2025\/10\/WhatsApp-Image-2025-10-07-at-14.22.57-1536x692.jpg 1536w, https:\/\/vsgaubitsch.ac.at\/wp-content\/uploads\/2025\/10\/WhatsApp-Image-2025-10-07-at-14.22.57-1568x707.jpg 1568w, https:\/\/vsgaubitsch.ac.at\/wp-content\/uploads\/2025\/10\/WhatsApp-Image-2025-10-07-at-14.22.57.jpg 1775w\" sizes=\"auto, (max-width: 1024px) 100vw, 1024px\" \/><\/figure>\n\n\n\n\n\n<figure class=\"wp-block-gallery has-nested-images columns-default is-cropped wp-block-gallery-1 is-layout-flex wp-block-gallery-is-layout-flex\"><\/figure>\n\n\n\n<p><\/p>\n","protected":false},"excerpt":{"rendered":"<p>Die Kinder der 3. und 4. Schulstufe k\u00f6nnen heuer wieder ein Musikinstrument in unserer Bl\u00e4serklasse &#8211; die mit Unterst\u00fctzung der Lehrpersonen der Musikschule Staatz stattfinden kann &#8211; erlernen bzw. vertiefen.<\/p>\n","protected":false},"author":2,"featured_media":0,"parent":0,"menu_order":0,"comment_status":"closed","ping_status":"closed","template":"","meta":{"footnotes":""},"class_list":["post-86","page","type-page","status-publish","hentry","entry"],"_links":{"self":[{"href":"https:\/\/vsgaubitsch.ac.at\/index.php?rest_route=\/wp\/v2\/pages\/86","targetHints":{"allow":["GET"]}}],"collection":[{"href":"https:\/\/vsgaubitsch.ac.at\/index.php?rest_route=\/wp\/v2\/pages"}],"about":[{"href":"https:\/\/vsgaubitsch.ac.at\/index.php?rest_route=\/wp\/v2\/types\/page"}],"author":[{"embeddable":true,"href":"https:\/\/vsgaubitsch.ac.at\/index.php?rest_route=\/wp\/v2\/users\/2"}],"replies":[{"embeddable":true,"href":"https:\/\/vsgaubitsch.ac.at\/index.php?rest_route=%2Fwp%2Fv2%2Fcomments&post=86"}],"version-history":[{"count":8,"href":"https:\/\/vsgaubitsch.ac.at\/index.php?rest_route=\/wp\/v2\/pages\/86\/revisions"}],"predecessor-version":[{"id":1450,"href":"https:\/\/vsgaubitsch.ac.at\/index.php?rest_route=\/wp\/v2\/pages\/86\/revisions\/1450"}],"wp:attachment":[{"href":"https:\/\/vsgaubitsch.ac.at\/index.php?rest_route=%2Fwp%2Fv2%2Fmedia&parent=86"}],"curies":[{"name":"wp","href":"https:\/\/api.w.org\/{rel}","templated":true}]}}